{"id":168,"date":"2025-08-22T10:25:00","date_gmt":"2025-08-22T10:25:00","guid":{"rendered":"https:\/\/ugandaconnect.coffee\/?page_id=168"},"modified":"2025-08-26T22:18:55","modified_gmt":"2025-08-26T22:18:55","slug":"refund_returns","status":"publish","type":"page","link":"https:\/\/ugandaconnect.coffee\/en\/refund_returns\/","title":{"rendered":"Politika povra\u0107aja i reklamacija"},"content":{"rendered":"<div data-elementor-type=\"wp-page\" data-elementor-id=\"168\" class=\"elementor elementor-168\" data-elementor-post-type=\"page\">\n\t\t\t\t<div class=\"elementor-element elementor-element-f305697 e-flex e-con-boxed e-con e-parent\" data-id=\"f305697\" data-element_type=\"container\">\n\t\t\t\t\t<div class=\"e-con-inner\">\n\t\t\t\t<div class=\"elementor-element elementor-element-bd89168 elementor-widget elementor-widget-heading\" data-id=\"bd89168\" data-element_type=\"widget\" data-widget_type=\"heading.default\">\n\t\t\t\t\t<h2 class=\"elementor-heading-title elementor-size-default\">Politika povra\u0107aja i reklamacija<\/h2>\t\t\t\t<\/div>\n\t\t\t\t<div class=\"elementor-element elementor-element-5e886be elementor-widget elementor-widget-heading\" data-id=\"5e886be\" data-element_type=\"widget\" data-widget_type=\"heading.default\">\n\t\t\t\t\t<h2 class=\"elementor-heading-title elementor-size-default\">Datum poslednje izmene: 27.08.2025.<\/h2>\t\t\t\t<\/div>\n\t\t\t\t<div class=\"elementor-element elementor-element-e17babc elementor-widget elementor-widget-text-editor\" data-id=\"e17babc\" data-element_type=\"widget\" data-widget_type=\"text-editor.default\">\n\t\t\t\t\t\t\t\t\t<p>Na\u0161a \u017eelja je da budete u potpunosti zadovoljni kupovinom. Politika povra\u0107aja i reklamacija uskla\u0111ena je sa va\u017ee\u0107im zakonima Republike Srbije.<\/p>\t\t\t\t\t\t\t\t<\/div>\n\t\t\t\t<div class=\"elementor-element elementor-element-dc072c3 elementor-widget elementor-widget-heading\" data-id=\"dc072c3\" data-element_type=\"widget\" data-widget_type=\"heading.default\">\n\t\t\t\t\t<h2 class=\"elementor-heading-title elementor-size-default\">Povra\u0107aj proizvoda<\/h2>\t\t\t\t<\/div>\n\t\t\t\t<div class=\"elementor-element elementor-element-b4fa3e9 elementor-widget elementor-widget-text-editor\" data-id=\"b4fa3e9\" data-element_type=\"widget\" data-widget_type=\"text-editor.default\">\n\t\t\t\t\t\t\t\t\t<p data-start=\"505\" data-end=\"638\">Zbog prirode proizvoda (prehrambeni artikli \u2013 kafa), <strong data-start=\"558\" data-end=\"591\">povra\u0107aj i zamena nisu mogu\u0107i<\/strong> ukoliko je pakovanje otvoreno ili kori\u0161\u0107eno.<\/p>\n<p data-start=\"640\" data-end=\"829\">Kupac ima pravo da odustane od kupovine i vrati proizvod u roku od <strong data-start=\"707\" data-end=\"729\">14 dana od prijema<\/strong>, samo ako je proizvod neotvoren, neo\u0161te\u0107en i u originalnom pakovanju, uz prilo\u017een fiskalni ra\u010dun.<\/p>\n<p data-start=\"831\" data-end=\"926\">Tro\u0161kove povra\u0107aja snosi kupac, osim u slu\u010daju kada je isporu\u010den pogre\u0161an ili o\u0161te\u0107en proizvod.<\/p>\t\t\t\t\t\t\t\t<\/div>\n\t\t\t\t<div class=\"elementor-element elementor-element-da42c00 elementor-widget elementor-widget-heading\" data-id=\"da42c00\" data-element_type=\"widget\" data-widget_type=\"heading.default\">\n\t\t\t\t\t<h2 class=\"elementor-heading-title elementor-size-default\">Reklamacije<\/h2>\t\t\t\t<\/div>\n\t\t\t\t<div class=\"elementor-element elementor-element-ff6a06f elementor-widget elementor-widget-text-editor\" data-id=\"ff6a06f\" data-element_type=\"widget\" data-widget_type=\"text-editor.default\">\n\t\t\t\t\t\t\t\t\t<p data-start=\"947\" data-end=\"1155\">Ukoliko ste primili pogre\u0161an, o\u0161te\u0107en ili neispravan proizvod, molimo vas da nas kontaktirate putem email-a.<br data-start=\"1068\" data-end=\"1071\" \/>Nakon prijave reklamacije, dogovori\u0107emo se o zameni proizvoda ili povra\u0107aju novca.<\/p>\t\t\t\t\t\t\t\t<\/div>\n\t\t\t\t<div class=\"elementor-element elementor-element-154967b elementor-widget elementor-widget-heading\" data-id=\"154967b\" data-element_type=\"widget\" data-widget_type=\"heading.default\">\n\t\t\t\t\t<h2 class=\"elementor-heading-title elementor-size-default\">Povra\u0107aj novca<\/h2>\t\t\t\t<\/div>\n\t\t\t\t<div class=\"elementor-element elementor-element-6bc6547 elementor-widget elementor-widget-text-editor\" data-id=\"6bc6547\" data-element_type=\"widget\" data-widget_type=\"text-editor.default\">\n\t\t\t\t\t\t\t\t\t<p data-start=\"1179\" data-end=\"1374\">U slu\u010daju odobrene reklamacije ili povra\u0107aja robe (u skladu sa gore navedenim uslovima), povra\u0107aj novca \u0107e biti izvr\u0161en u roku od <strong data-start=\"1309\" data-end=\"1320\">14 dana<\/strong> od dana kada primimo i pregledamo vra\u0107eni proizvod.<\/p>\t\t\t\t\t\t\t\t<\/div>\n\t\t\t\t<div class=\"elementor-element elementor-element-3d345b0 elementor-widget elementor-widget-heading\" data-id=\"3d345b0\" data-element_type=\"widget\" data-widget_type=\"heading.default\">\n\t\t\t\t\t<h2 class=\"elementor-heading-title elementor-size-default\">Kontakt<\/h2>\t\t\t\t<\/div>\n\t\t\t\t<div class=\"elementor-element elementor-element-a971b1a elementor-widget elementor-widget-text-editor\" data-id=\"a971b1a\" data-element_type=\"widget\" data-widget_type=\"text-editor.default\">\n\t\t\t\t\t\t\t\t\t<p data-start=\"1391\" data-end=\"1468\">Za sve informacije u vezi sa povra\u0107ajem i reklamacijama obratite nam se na:<\/p>\n<ul data-start=\"1469\" data-end=\"1574\">\n<li data-start=\"1469\" data-end=\"1502\">\n<p data-start=\"1471\" data-end=\"1502\">Email: coffee@ugandaconnect.coffee<\/p>\n<\/li>\n<li data-start=\"1503\" data-end=\"1539\">\n<p data-start=\"1505\" data-end=\"1539\"><span style=\"font-style: inherit; font-weight: inherit;\">Adresa: Bulevar Vudro Vilsona 8v, 11000 Beograd<\/span><\/p>\n<\/li>\n<\/ul>\t\t\t\t\t\t\t\t<\/div>\n\t\t\t\t\t<\/div>\n\t\t\t\t<\/div>\n\t\t\t\t<\/div>","protected":false},"excerpt":{"rendered":"<p>Politika povra\u0107aja i reklamacija Datum poslednje izmene: 27.08.2025. Na\u0161a \u017eelja je da budete u potpunosti zadovoljni kupovinom. Politika povra\u0107aja i [&hellip;]<\/p>","protected":false},"author":1,"featured_media":0,"parent":0,"menu_order":0,"comment_status":"closed","ping_status":"closed","template":"","meta":{"site-sidebar-layout":"default","site-content-layout":"","ast-site-content-layout":"default","site-content-style":"default","site-sidebar-style":"default","ast-global-header-display":"","ast-banner-title-visibility":"","ast-main-header-display":"","ast-hfb-above-header-display":"","ast-hfb-below-header-display":"","ast-hfb-mobile-header-display":"","site-post-title":"disabled","ast-breadcrumbs-content":"","ast-featured-img":"","footer-sml-layout":"","ast-disable-related-posts":"","theme-transparent-header-meta":"","adv-header-id-meta":"","stick-header-meta":"","header-above-stick-meta":"","header-main-stick-meta":"","header-below-stick-meta":"","astra-migrate-meta-layouts":"default","ast-page-background-enabled":"default","ast-page-background-meta":{"desktop":{"background-color":"var(--ast-global-color-5)","background-image":"","background-repeat":"repeat","background-position":"center center","background-size":"auto","background-attachment":"scroll","background-type":"","background-media":"","overlay-type":"","overlay-color":"","overlay-opacity":"","overlay-gradient":""},"tablet":{"background-color":"","background-image":"","background-repeat":"repeat","background-position":"center center","background-size":"auto","background-attachment":"scroll","background-type":"","background-media":"","overlay-type":"","overlay-color":"","overlay-opacity":"","overlay-gradient":""},"mobile":{"background-color":"","background-image":"","background-repeat":"repeat","background-position":"center center","background-size":"auto","background-attachment":"scroll","background-type":"","background-media":"","overlay-type":"","overlay-color":"","overlay-opacity":"","overlay-gradient":""}},"ast-content-background-meta":{"desktop":{"background-color":"var(--ast-global-color-4)","background-image":"","background-repeat":"repeat","background-position":"center center","background-size":"auto","background-attachment":"scroll","background-type":"","background-media":"","overlay-type":"","overlay-color":"","overlay-opacity":"","overlay-gradient":""},"tablet":{"background-color":"var(--ast-global-color-4)","background-image":"","background-repeat":"repeat","background-position":"center center","background-size":"auto","background-attachment":"scroll","background-type":"","background-media":"","overlay-type":"","overlay-color":"","overlay-opacity":"","overlay-gradient":""},"mobile":{"background-color":"var(--ast-global-color-4)","background-image":"","background-repeat":"repeat","background-position":"center center","background-size":"auto","background-attachment":"scroll","background-type":"","background-media":"","overlay-type":"","overlay-color":"","overlay-opacity":"","overlay-gradient":""}},"footnotes":""},"class_list":["post-168","page","type-page","status-publish","hentry"],"_links":{"self":[{"href":"https:\/\/ugandaconnect.coffee\/en\/wp-json\/wp\/v2\/pages\/168","targetHints":{"allow":["GET"]}}],"collection":[{"href":"https:\/\/ugandaconnect.coffee\/en\/wp-json\/wp\/v2\/pages"}],"about":[{"href":"https:\/\/ugandaconnect.coffee\/en\/wp-json\/wp\/v2\/types\/page"}],"author":[{"embeddable":true,"href":"https:\/\/ugandaconnect.coffee\/en\/wp-json\/wp\/v2\/users\/1"}],"replies":[{"embeddable":true,"href":"https:\/\/ugandaconnect.coffee\/en\/wp-json\/wp\/v2\/comments?post=168"}],"version-history":[{"count":3,"href":"https:\/\/ugandaconnect.coffee\/en\/wp-json\/wp\/v2\/pages\/168\/revisions"}],"predecessor-version":[{"id":672,"href":"https:\/\/ugandaconnect.coffee\/en\/wp-json\/wp\/v2\/pages\/168\/revisions\/672"}],"wp:attachment":[{"href":"https:\/\/ugandaconnect.coffee\/en\/wp-json\/wp\/v2\/media?parent=168"}],"curies":[{"name":"wp","href":"https:\/\/api.w.org\/{rel}","templated":true}]}}