{"id":3,"date":"2025-07-15T18:10:52","date_gmt":"2025-07-15T18:10:52","guid":{"rendered":"http:\/\/ugandaconnect.coffee\/?page_id=3"},"modified":"2025-08-26T15:13:42","modified_gmt":"2025-08-26T15:13:42","slug":"privacy-policy","status":"publish","type":"page","link":"https:\/\/ugandaconnect.coffee\/en\/privacy-policy\/","title":{"rendered":"Politika privatnosti"},"content":{"rendered":"<div data-elementor-type=\"wp-page\" data-elementor-id=\"3\" class=\"elementor elementor-3\" data-elementor-post-type=\"page\">\n\t\t\t\t<div class=\"elementor-element elementor-element-ecb9e54 e-flex e-con-boxed e-con e-parent\" data-id=\"ecb9e54\" data-element_type=\"container\">\n\t\t\t\t\t<div class=\"e-con-inner\">\n\t\t\t\t<div class=\"elementor-element elementor-element-7314331 elementor-widget elementor-widget-heading\" data-id=\"7314331\" data-element_type=\"widget\" data-widget_type=\"heading.default\">\n\t\t\t\t\t<h2 class=\"elementor-heading-title elementor-size-default\">Politika privatnosti<\/h2>\t\t\t\t<\/div>\n\t\t\t\t<div class=\"elementor-element elementor-element-53adfee elementor-widget elementor-widget-heading\" data-id=\"53adfee\" data-element_type=\"widget\" data-widget_type=\"heading.default\">\n\t\t\t\t\t<h2 class=\"elementor-heading-title elementor-size-default\">Datum poslednje izmene: 26.08.2025.<\/h2>\t\t\t\t<\/div>\n\t\t\t\t<div class=\"elementor-element elementor-element-d362807 elementor-widget elementor-widget-text-editor\" data-id=\"d362807\" data-element_type=\"widget\" data-widget_type=\"text-editor.default\">\n\t\t\t\t\t\t\t\t\t<p>Va\u0161a privatnost nam je va\u017ena. Ova politika obja\u0161njava kako prikupljamo, koristimo i \u0161titimo va\u0161e li\u010dne podatke prilikom kori\u0161\u0107enja na\u0161eg sajta i online prodavnice.<\/p>\t\t\t\t\t\t\t\t<\/div>\n\t\t\t\t<div class=\"elementor-element elementor-element-41e6e3b elementor-widget elementor-widget-heading\" data-id=\"41e6e3b\" data-element_type=\"widget\" data-widget_type=\"heading.default\">\n\t\t\t\t\t<h2 class=\"elementor-heading-title elementor-size-default\">Prikupljanje li\u010dnih podataka<\/h2>\t\t\t\t<\/div>\n\t\t\t\t<div class=\"elementor-element elementor-element-691edff elementor-widget elementor-widget-text-editor\" data-id=\"691edff\" data-element_type=\"widget\" data-widget_type=\"text-editor.default\">\n\t\t\t\t\t\t\t\t\t<p data-start=\"517\" data-end=\"548\">Prikupljamo li\u010dne podatke kada:<\/p>\n<ul data-start=\"550\" data-end=\"782\">\n<li data-start=\"550\" data-end=\"654\">\n<p data-start=\"552\" data-end=\"654\">Poru\u010dujete proizvode putem na\u0161e online prodavnice (ime, prezime, adresa, broj telefona, email adresa).<\/p>\n<\/li>\n<li data-start=\"655\" data-end=\"721\">\n<p data-start=\"657\" data-end=\"721\"><span style=\"font-style: inherit; font-weight: inherit;\">Kontaktirate nas putem kontakt forme ili dru\u0161tvenih mre\u017ea.<\/span><\/p>\n<\/li>\n<\/ul>\t\t\t\t\t\t\t\t<\/div>\n\t\t\t\t<div class=\"elementor-element elementor-element-65ab4a2 elementor-widget elementor-widget-heading\" data-id=\"65ab4a2\" data-element_type=\"widget\" data-widget_type=\"heading.default\">\n\t\t\t\t\t<h2 class=\"elementor-heading-title elementor-size-default\">Upotreba li\u010dnih podataka<\/h2>\t\t\t\t<\/div>\n\t\t\t\t<div class=\"elementor-element elementor-element-89be31e elementor-widget elementor-widget-text-editor\" data-id=\"89be31e\" data-element_type=\"widget\" data-widget_type=\"text-editor.default\">\n\t\t\t\t\t\t\t\t\t<p data-start=\"817\" data-end=\"843\">Va\u0161e podatke koristimo za:<\/p>\n<ul data-start=\"845\" data-end=\"1011\">\n<li data-start=\"845\" data-end=\"876\">\n<p data-start=\"847\" data-end=\"876\">Obradu i isporuku porud\u017ebina.<\/p>\n<\/li>\n<li data-start=\"877\" data-end=\"929\">\n<p data-start=\"879\" data-end=\"929\">Komunikaciju u vezi sa porud\u017ebinama i promocijama.<\/p>\n<\/li>\n<li data-start=\"976\" data-end=\"1011\">\n<p data-start=\"978\" data-end=\"1011\">Unapre\u0111enje na\u0161ih usluga i sajta.<\/p>\n<\/li>\n<\/ul>\t\t\t\t\t\t\t\t<\/div>\n\t\t\t\t<div class=\"elementor-element elementor-element-63682c2 elementor-widget elementor-widget-heading\" data-id=\"63682c2\" data-element_type=\"widget\" data-widget_type=\"heading.default\">\n\t\t\t\t\t<h2 class=\"elementor-heading-title elementor-size-default\">Deljenje podataka sa tre\u0107im licima<\/h2>\t\t\t\t<\/div>\n\t\t\t\t<div class=\"elementor-element elementor-element-23653a6 elementor-widget elementor-widget-text-editor\" data-id=\"23653a6\" data-element_type=\"widget\" data-widget_type=\"text-editor.default\">\n\t\t\t\t\t\t\t\t\t<p data-start=\"1058\" data-end=\"1129\">Va\u0161e podatke ne delimo sa tre\u0107im stranama, osim u slede\u0107im slu\u010dajevima:<\/p>\n<ul data-start=\"1131\" data-end=\"1257\">\n<li data-start=\"1131\" data-end=\"1179\">\n<p data-start=\"1133\" data-end=\"1179\">Kurirske slu\u017ebe koje vr\u0161e isporuku porud\u017ebina.<\/p>\n<\/li>\n<li data-start=\"1180\" data-end=\"1257\">\n<p data-start=\"1182\" data-end=\"1257\">Pru\u017eatelji usluga koji nam poma\u017eu u odr\u017eavanju sajta\u00a0<\/p>\n<\/li>\n<\/ul>\t\t\t\t\t\t\t\t<\/div>\n\t\t\t\t<div class=\"elementor-element elementor-element-a87a806 elementor-widget elementor-widget-heading\" data-id=\"a87a806\" data-element_type=\"widget\" data-widget_type=\"heading.default\">\n\t\t\t\t\t<h2 class=\"elementor-heading-title elementor-size-default\">Kola\u010di\u0107i (cookies)<\/h2>\t\t\t\t<\/div>\n\t\t\t\t<div class=\"elementor-element elementor-element-067a073 elementor-widget elementor-widget-text-editor\" data-id=\"067a073\" data-element_type=\"widget\" data-widget_type=\"text-editor.default\">\n\t\t\t\t\t\t\t\t\t<p data-start=\"155\" data-end=\"268\">Na\u0161 sajt koristi <strong data-start=\"172\" data-end=\"185\">CookieYes<\/strong> za upravljanje kola\u010di\u0107ima i po\u0161tovanje va\u0161e privatnosti. Kola\u010di\u0107i nam poma\u017eu da:<\/p>\n<ul data-start=\"270\" data-end=\"463\">\n<li data-start=\"270\" data-end=\"321\">\n<p data-start=\"272\" data-end=\"321\">Pametno zapamtimo va\u0161e preferencije i postavke.<\/p>\n<\/li>\n<li data-start=\"322\" data-end=\"395\">\n<p data-start=\"324\" data-end=\"395\">Pratimo posete sajtu radi analize i pobolj\u0161anja korisni\u010dkog iskustva.<\/p>\n<\/li>\n<li data-start=\"396\" data-end=\"463\">\n<p data-start=\"398\" data-end=\"463\">Omogu\u0107imo rad funkcionalnosti sajta i personalizaciju sadr\u017eaja.<\/p>\n<\/li>\n<\/ul>\n<p data-start=\"465\" data-end=\"728\">Tako\u0111e, koristimo <strong data-start=\"483\" data-end=\"503\">Google Analytics<\/strong> za prikupljanje anonimnih podataka o kori\u0161\u0107enju sajta, uklju\u010duju\u0107i broj poseta, stranice koje pose\u0107ujete i vreme provedeno na sajtu. Ovi podaci nam poma\u017eu da unapredimo na\u0161e usluge i bolje razumemo potrebe na\u0161ih korisnika.<\/p>\n<p data-start=\"730\" data-end=\"926\">Kada prvi put posetite sajt, mo\u0107i \u0107ete da prilagodite pode\u0161avanja kola\u010di\u0107a putem CookieYes widget-a. Mo\u017eete promeniti ili povu\u0107i saglasnost u bilo kojem trenutku kroz postavke kola\u010di\u0107a na sajtu.<\/p>\t\t\t\t\t\t\t\t<\/div>\n\t\t\t\t<div class=\"elementor-element elementor-element-a841fda elementor-widget elementor-widget-heading\" data-id=\"a841fda\" data-element_type=\"widget\" data-widget_type=\"heading.default\">\n\t\t\t\t\t<h2 class=\"elementor-heading-title elementor-size-default\">Bezbednost podataka<\/h2>\t\t\t\t<\/div>\n\t\t\t\t<div class=\"elementor-element elementor-element-5bd8801 elementor-widget elementor-widget-text-editor\" data-id=\"5bd8801\" data-element_type=\"widget\" data-widget_type=\"text-editor.default\">\n\t\t\t\t\t\t\t\t\t<p data-start=\"1536\" data-end=\"1678\">Preduzimamo odgovaraju\u0107e tehni\u010dke i organizacione mere kako bismo za\u0161titili va\u0161e li\u010dne podatke od neovla\u0161\u0107enog pristupa, izmene ili uni\u0161tenja.<\/p>\t\t\t\t\t\t\t\t<\/div>\n\t\t\t\t<div class=\"elementor-element elementor-element-5e20e75 elementor-widget elementor-widget-heading\" data-id=\"5e20e75\" data-element_type=\"widget\" data-widget_type=\"heading.default\">\n\t\t\t\t\t<h2 class=\"elementor-heading-title elementor-size-default\">Prava korisnika<\/h2>\t\t\t\t<\/div>\n\t\t\t\t<div class=\"elementor-element elementor-element-0968b9b elementor-widget elementor-widget-text-editor\" data-id=\"0968b9b\" data-element_type=\"widget\" data-widget_type=\"text-editor.default\">\n\t\t\t\t\t\t\t\t\t<p data-start=\"1704\" data-end=\"1719\">Imate pravo da:<\/p>\n<ul data-start=\"1721\" data-end=\"1908\">\n<li data-start=\"1721\" data-end=\"1763\">\n<p data-start=\"1723\" data-end=\"1763\">Zatra\u017eite pristup va\u0161im li\u010dnim podacima.<\/p>\n<\/li>\n<li data-start=\"1764\" data-end=\"1806\">\n<p data-start=\"1766\" data-end=\"1806\">Ispravite neta\u010dne ili nepotpune podatke.<\/p>\n<\/li>\n<li data-start=\"1807\" data-end=\"1843\">\n<p data-start=\"1809\" data-end=\"1843\">Zatra\u017eite brisanje va\u0161ih podataka.<\/p>\n<\/li>\n<li data-start=\"1844\" data-end=\"1908\">\n<p data-start=\"1846\" data-end=\"1908\">Opozovete saglasnost za obradu podataka u bilo kojem trenutku.<\/p>\n<\/li>\n<\/ul>\n<p data-start=\"1910\" data-end=\"1999\">Za ostvarivanje ovih prava, kontaktirajte nas putem email adrese: coffee@ugandaconnect.coffee<\/p>\t\t\t\t\t\t\t\t<\/div>\n\t\t\t\t<div class=\"elementor-element elementor-element-8ae5b65 elementor-widget elementor-widget-heading\" data-id=\"8ae5b65\" data-element_type=\"widget\" data-widget_type=\"heading.default\">\n\t\t\t\t\t<h2 class=\"elementor-heading-title elementor-size-default\">Kontakt<\/h2>\t\t\t\t<\/div>\n\t\t\t\t<div class=\"elementor-element elementor-element-8ac3323 elementor-widget elementor-widget-text-editor\" data-id=\"8ac3323\" data-element_type=\"widget\" data-widget_type=\"text-editor.default\">\n\t\t\t\t\t\t\t\t\t<p data-start=\"309\" data-end=\"417\">\u00a0Ako imate pitanja u vezi sa ovom politikom ili obradom va\u0161ih li\u010dnih podataka, slobodno nas kontaktirajte na:<\/p>\n<ul data-start=\"419\" data-end=\"537\">\n<li data-start=\"419\" data-end=\"456\">\n<p data-start=\"421\" data-end=\"456\"><strong data-start=\"421\" data-end=\"431\">Email:<\/strong> coffee@ugandaconnect.coffee<\/p>\n<\/li>\n<li data-start=\"419\" data-end=\"456\">\n<p data-start=\"421\" data-end=\"456\"><strong style=\"font-style: inherit;\" data-start=\"500\" data-end=\"511\">Adresa:<\/strong><span style=\"font-style: inherit; font-weight: inherit;\"> Bulevar Vudro Vilsona 8v, 11000 Beograd<\/span><\/p>\n<\/li>\n<\/ul>\n<p data-start=\"539\" data-end=\"560\"><strong data-start=\"539\" data-end=\"558\">Podaci o firmi:<\/strong><\/p>\n<ul data-start=\"561\" data-end=\"744\">\n<li data-start=\"561\" data-end=\"603\">\n<p data-start=\"563\" data-end=\"603\"><strong data-start=\"563\" data-end=\"579\">Naziv firme:<\/strong>\u00a0Ugadna Connect DOO Beograd<\/p>\n<\/li>\n<li data-start=\"604\" data-end=\"649\">\n<p data-start=\"606\" data-end=\"649\"><strong data-start=\"606\" data-end=\"628\">Mati\u010dni broj (MB): 21614211<\/strong>\u00a0<\/p>\n<\/li>\n<li data-start=\"650\" data-end=\"682\">\n<p data-start=\"652\" data-end=\"682\"><strong data-start=\"652\" data-end=\"660\">PIB: 112138808<\/strong><\/p>\n<\/li>\n<li data-start=\"683\" data-end=\"744\">\n<p data-start=\"685\" data-end=\"744\"><strong data-start=\"685\" data-end=\"710\">Registraciona adresa:<\/strong> <span style=\"font-style: inherit; font-weight: inherit;\">Bulevar Vudro Vilsona 8v, 11000 Beograd<\/span><\/p>\n<\/li>\n<\/ul>\t\t\t\t\t\t\t\t<\/div>\n\t\t\t\t\t<\/div>\n\t\t\t\t<\/div>\n\t\t\t\t<\/div>","protected":false},"excerpt":{"rendered":"<p>Politika privatnosti Datum poslednje izmene: 26.08.2025. Va\u0161a privatnost nam je va\u017ena. Ova politika obja\u0161njava kako prikupljamo, koristimo i \u0161titimo va\u0161e [&hellip;]<\/p>","protected":false},"author":1,"featured_media":0,"parent":0,"menu_order":0,"comment_status":"closed","ping_status":"open","template":"","meta":{"site-sidebar-layout":"default","site-content-layout":"","ast-site-content-layout":"default","site-content-style":"default","site-sidebar-style":"default","ast-global-header-display":"","ast-banner-title-visibility":"","ast-main-header-display":"","ast-hfb-above-header-display":"","ast-hfb-below-header-display":"","ast-hfb-mobile-header-display":"","site-post-title":"disabled","ast-breadcrumbs-content":"","ast-featured-img":"","footer-sml-layout":"","ast-disable-related-posts":"","theme-transparent-header-meta":"","adv-header-id-meta":"","stick-header-meta":"","header-above-stick-meta":"","header-main-stick-meta":"","header-below-stick-meta":"","astra-migrate-meta-layouts":"default","ast-page-background-enabled":"default","ast-page-background-meta":{"desktop":{"background-color":"var(--ast-global-color-5)","background-image":"","background-repeat":"repeat","background-position":"center center","background-size":"auto","background-attachment":"scroll","background-type":"","background-media":"","overlay-type":"","overlay-color":"","overlay-opacity":"","overlay-gradient":""},"tablet":{"background-color":"","background-image":"","background-repeat":"repeat","background-position":"center center","background-size":"auto","background-attachment":"scroll","background-type":"","background-media":"","overlay-type":"","overlay-color":"","overlay-opacity":"","overlay-gradient":""},"mobile":{"background-color":"","background-image":"","background-repeat":"repeat","background-position":"center center","background-size":"auto","background-attachment":"scroll","background-type":"","background-media":"","overlay-type":"","overlay-color":"","overlay-opacity":"","overlay-gradient":""}},"ast-content-background-meta":{"desktop":{"background-color":"var(--ast-global-color-4)","background-image":"","background-repeat":"repeat","background-position":"center center","background-size":"auto","background-attachment":"scroll","background-type":"","background-media":"","overlay-type":"","overlay-color":"","overlay-opacity":"","overlay-gradient":""},"tablet":{"background-color":"var(--ast-global-color-4)","background-image":"","background-repeat":"repeat","background-position":"center center","background-size":"auto","background-attachment":"scroll","background-type":"","background-media":"","overlay-type":"","overlay-color":"","overlay-opacity":"","overlay-gradient":""},"mobile":{"background-color":"var(--ast-global-color-4)","background-image":"","background-repeat":"repeat","background-position":"center center","background-size":"auto","background-attachment":"scroll","background-type":"","background-media":"","overlay-type":"","overlay-color":"","overlay-opacity":"","overlay-gradient":""}},"footnotes":""},"class_list":["post-3","page","type-page","status-publish","hentry"],"_links":{"self":[{"href":"https:\/\/ugandaconnect.coffee\/en\/wp-json\/wp\/v2\/pages\/3","targetHints":{"allow":["GET"]}}],"collection":[{"href":"https:\/\/ugandaconnect.coffee\/en\/wp-json\/wp\/v2\/pages"}],"about":[{"href":"https:\/\/ugandaconnect.coffee\/en\/wp-json\/wp\/v2\/types\/page"}],"author":[{"embeddable":true,"href":"https:\/\/ugandaconnect.coffee\/en\/wp-json\/wp\/v2\/users\/1"}],"replies":[{"embeddable":true,"href":"https:\/\/ugandaconnect.coffee\/en\/wp-json\/wp\/v2\/comments?post=3"}],"version-history":[{"count":3,"href":"https:\/\/ugandaconnect.coffee\/en\/wp-json\/wp\/v2\/pages\/3\/revisions"}],"predecessor-version":[{"id":669,"href":"https:\/\/ugandaconnect.coffee\/en\/wp-json\/wp\/v2\/pages\/3\/revisions\/669"}],"wp:attachment":[{"href":"https:\/\/ugandaconnect.coffee\/en\/wp-json\/wp\/v2\/media?parent=3"}],"curies":[{"name":"wp","href":"https:\/\/api.w.org\/{rel}","templated":true}]}}